{"id":4928,"date":"2026-02-25T08:59:49","date_gmt":"2026-02-25T07:59:49","guid":{"rendered":"https:\/\/footballforumhungary.hu\/?page_id=4928"},"modified":"2026-03-23T16:54:28","modified_gmt":"2026-03-23T15:54:28","slug":"agenda-football-forum-hungary-2026","status":"publish","type":"page","link":"https:\/\/footballforumhungary.hu\/en\/agenda-football-forum-hungary-2026\/","title":{"rendered":"Agenda |\u00a0Budapest, Pusk\u00e1s Arena | 21 April 2026"},"content":{"rendered":"<div data-elementor-type=\"wp-page\" data-elementor-id=\"4928\" class=\"elementor elementor-4928\" data-elementor-post-type=\"page\">\n\t\t\t\t<div class=\"elementor-element elementor-element-482221fa e-flex e-con-boxed e-con e-parent\" data-id=\"482221fa\" data-element_type=\"container\" data-e-type=\"container\">\n\t\t\t\t\t<div class=\"e-con-inner\">\n\t\t\t\t<div class=\"elementor-element elementor-element-514e4596 elementor-widget elementor-widget-text-editor\" data-id=\"514e4596\" data-element_type=\"widget\" data-e-type=\"widget\" data-widget_type=\"text-editor.default\">\n\t\t\t\t\t\t\t\t\t\n<p>We are still working on the details of the program, updating it daily with new exciting topics and colorful speakers! We reserve the right to change the program.<\/p>\n\n<p>\u00a0<\/p>\n<div class=\"terem-filter-container\" data-datum=\"2026.04.21.\" data-target=\"#program-2026-04-21\">\n<div class=\"terem-filter-buttons\"><button class=\"terem-filter-btn active\" data-terem-id=\"284\">Tippmix Hall<\/button><button class=\"terem-filter-btn\" data-terem-id=\"283\">Tectus Hall<\/button><button class=\"terem-filter-btn\" data-terem-id=\"282\">Sky West &#8211; Workshops<\/button><button class=\"terem-filter-btn\" data-terem-id=\"281\">Sky East &#8211; Workshops<\/button><\/div>\n<\/div>\n<div id=\"program-2026-04-21\" class=\"program-container\" data-datum=\"2026.04.21.\">\n<div class=\"program-stream\">\n<div class=\"program-section-header\" style=\"color:#fff; font-weight:700; margin-bottom:15px; margin-top:25px; text-transform:uppercase; font-size:1.2em;\">COFFEE BREAK<\/div>\n<div class=\"program-item\">\n<div class=\"program-time-title-row\" style=\"margin-bottom:12px;\">\n<div class=\"program-time-title\" style=\"font-weight:700; color:#000; font-size:1.3em;\">8:00-9:00: Welcome coffee break<\/div>\n<\/div>\n<\/div>\n<div class=\"program-section-divider\"><\/div>\n<div class=\"program-section-header\" style=\"color:#fff; font-weight:700; margin-bottom:15px; margin-top:25px; text-transform:uppercase; font-size:1.2em;\">OPENING<\/div>\n<div class=\"program-item\">\n<div class=\"program-time-title-row\" style=\"margin-bottom:12px;\">\n<div class=\"program-time-title\" style=\"font-weight:700; color:#000; font-size:1.3em;\">9:00-9:20: K\u00f6sz\u00f6nt\u0151<\/div>\n<\/div>\n<\/div>\n<div class=\"program-section-divider\"><\/div>\n<div class=\"program-section-header\" style=\"color:#fff; font-weight:700; margin-bottom:15px; margin-top:25px; text-transform:uppercase; font-size:1.2em;\">Programs<\/div>\n<div class=\"program-item\">\n<div class=\"program-time-title-row\" style=\"margin-bottom:12px;\">\n<div class=\"program-time-title\" style=\"font-weight:700; color:#000; font-size:1.3em;\">9:20-10:00: Futball hat\u00e1rok n\u00e9lk\u00fcl: klubfejleszt\u00e9si modellek \u00f6sszehasonl\u00edt\u00e1sa<\/div>\n<\/div>\n<\/div>\n<div class=\"program-item\">\n<div class=\"program-time-title-row\" style=\"margin-bottom:12px;\">\n<div class=\"program-time-title\" style=\"font-weight:700; color:#000; font-size:1.3em;\">10:00-10:40: Mit \u00e9r egy bajnoki c\u00edm: mire sz\u00e1m\u00edt a MOL \u00dajpesten? &#8211; Powered by MOL<\/div>\n<\/div>\n<\/div>\n<div class=\"program-item\">\n<div class=\"program-time-title-row\" style=\"margin-bottom:12px;\">\n<div class=\"program-time-title\" style=\"font-weight:700; color:#000; font-size:1.3em;\">10:40-11:20: A magyar szab\u00e1ly pozit\u00edv hat\u00e1sai a klubstrat\u00e9gi\u00e1ra \u00e9s a j\u00e1t\u00e9kosfejleszt\u00e9sre &#8211; Powered by ATS Focivil\u00e1g<\/div>\n<\/div>\n<\/div>\n<div class=\"program-item\">\n<div class=\"program-time-title-row\" style=\"margin-bottom:12px;\">\n<div class=\"program-time-title\" style=\"font-weight:700; color:#000; font-size:1.3em;\">11:20-11:40: A stadionforradalom &#8211; \u00dcres napokb\u00f3l profitk\u00f6zpontok l\u00e9trehoz\u00e1sa<\/div>\n<\/div>\n<\/div>\n<div class=\"program-item\">\n<div class=\"program-time-title-row\" style=\"margin-bottom:12px;\">\n<div class=\"program-time-title\" style=\"font-weight:700; color:#000; font-size:1.3em;\">11:40-12:20: Region\u00e1lis j\u00e1t\u00e9kosmegfigyel\u00e9s \u00e9s toborz\u00e1si strat\u00e9gia \u2013 versenyel\u0151ny a k\u00f6z\u00e9p-eur\u00f3pai piacon<\/div>\n<\/div>\n<\/div>\n<div class=\"program-item\">\n<div class=\"program-time-title-row\" style=\"margin-bottom:12px;\">\n<div class=\"program-time-title\" style=\"font-weight:700; color:#000; font-size:1.3em;\">12:20-13:00: Nemzetk\u00f6zi t\u0151ke a klubfutballban \u2013 k\u00fclf\u00f6ldi befektet\u0151k c\u00e9ljai \u00e9s hat\u00e1sa a versenyk\u00e9pess\u00e9gre<\/div>\n<\/div>\n<\/div>\n<div class=\"program-section-divider\"><\/div>\n<div class=\"program-section-header\" style=\"color:#fff; font-weight:700; margin-bottom:15px; margin-top:25px; text-transform:uppercase; font-size:1.2em;\">LUNCHBREAK<\/div>\n<div class=\"program-item\">\n<div class=\"program-time-title-row\" style=\"margin-bottom:12px;\">\n<div class=\"program-time-title\" style=\"font-weight:700; color:#000; font-size:1.3em;\">13:00-14:00: Lunchbreak &amp; Networking<\/div>\n<\/div>\n<\/div>\n<div class=\"program-section-divider\"><\/div>\n<div class=\"program-section-header\" style=\"color:#fff; font-weight:700; margin-bottom:15px; margin-top:25px; text-transform:uppercase; font-size:1.2em;\">Programs<\/div>\n<div class=\"program-item\">\n<div class=\"program-time-title-row\" style=\"margin-bottom:12px;\">\n<div class=\"program-time-title\" style=\"font-weight:700; color:#000; font-size:1.3em;\">13:00-13:10: K\u00f6nyvbemutat\u00f3 \u2013 A j\u00e1t\u00e9kosmegfigyel\u00e9s k\u00f6nyve &#8211; Els\u0151 k\u00f6tet<\/div>\n<\/div>\n<\/div>\n<div class=\"program-item\">\n<div class=\"program-time-title-row\" style=\"margin-bottom:12px;\">\n<div class=\"program-time-title\" style=\"font-weight:700; color:#000; font-size:1.3em;\">14:00-14:40: Versenyk\u00e9pess\u00e9g \u00e9s m\u00e1rka\u00e9p\u00edt\u00e9s a n\u0151i labdar\u00fag\u00e1sban<\/div>\n<\/div>\n<\/div>\n<div class=\"program-item\">\n<div class=\"program-time-title-row\" style=\"margin-bottom:12px;\">\n<div class=\"program-time-title\" style=\"font-weight:700; color:#000; font-size:1.3em;\">14:40-15:20: Data or Intuition? \u2013 The Dilemmas of Modern Talent Identification<\/div>\n<\/div>\n<\/div>\n<div class=\"program-item\">\n<div class=\"program-time-title-row\" style=\"margin-bottom:12px;\">\n<div class=\"program-time-title\" style=\"font-weight:700; color:#000; font-size:1.3em;\">15:20-15:40: A tehets\u00e9gt\u0151l a nemzeti identit\u00e1sig: a magyar ut\u00e1np\u00f3tl\u00e1s-labdar\u00fag\u00e1s rendszer\u00e9nek fel\u00e9p\u00edt\u00e9se<\/div>\n<\/div>\n<\/div>\n<div class=\"program-item\">\n<div class=\"program-time-title-row\" style=\"margin-bottom:12px;\">\n<div class=\"program-time-title\" style=\"font-weight:700; color:#000; font-size:1.3em;\">15:40-16:00: Magyar futballv\u00e1llalkoz\u00e1sok: v\u00e1llalat\u00e9rt\u00e9kel\u00e9si \u00e9s elemz\u00e9si szempontok<\/div>\n<\/div>\n<\/div>\n<div class=\"program-item\">\n<div class=\"program-time-title-row\" style=\"margin-bottom:12px;\">\n<div class=\"program-time-title\" style=\"font-weight:700; color:#000; font-size:1.3em;\">16:00-16:40: T\u00f6bb mint egy mez: klub \u00e9s v\u00e1logatott strat\u00e9gia a sportmarketingben<\/div>\n<\/div>\n<\/div>\n<div class=\"program-item\">\n<div class=\"program-time-title-row\" style=\"margin-bottom:12px;\">\n<div class=\"program-time-title\" style=\"font-weight:700; color:#000; font-size:1.3em;\">16:40-17:00: IFFA; Labdar\u00fag\u00f3-\u00fcgyn\u00f6k\u00f6k meger\u0151s\u00edt\u00e9se oktat\u00e1son, egy\u00fcttm\u0171k\u00f6d\u00e9sen \u00e9s egys\u00e9gen kereszt\u00fcl<\/div>\n<\/div>\n<\/div>\n<div class=\"program-item\">\n<div class=\"program-time-title-row\" style=\"margin-bottom:12px;\">\n<div class=\"program-time-title\" style=\"font-weight:700; color:#000; font-size:1.3em;\">17:00-17:40: Eur\u00f3pa vezet\u0151 futball\u00fajs\u00e1g\u00edr\u00f3i a budapesti Bajnokok Lig\u00e1ja-d\u00f6nt\u0151r\u0151l \u00e9s az amerikai vil\u00e1gbajnoks\u00e1gr\u00f3l<\/div>\n<\/div>\n<\/div>\n<\/div>\n<\/div>\n\t\t\t\t\t\t\t\t<\/div>\n\t\t\t\t\t<\/div>\n\t\t\t\t<\/div>\n\t\t\t\t<\/div>","protected":false},"excerpt":{"rendered":"<p>We are still working on the details of the program, updating it daily with new exciting topics and colorful speakers! We reserve the right to change the program. \u00a0<\/p>","protected":false},"author":1,"featured_media":4699,"parent":0,"menu_order":0,"comment_status":"closed","ping_status":"closed","template":"","meta":{"_acf_changed":false,"footnotes":""},"class_list":["post-4928","page","type-page","status-publish","has-post-thumbnail","hentry"],"acf":[],"yoast_head":"<!-- This site is optimized with the Yoast SEO plugin v27.3 - https:\/\/yoast.com\/product\/yoast-seo-wordpress\/ -->\n<title>Agenda | Budapest, Pusk\u00e1s Ar\u00e9na | 2026. \u00c1prilis 21. - Football Forum Hungary 2026<\/title>\n<meta name=\"robots\" content=\"index, follow, max-snippet:-1, max-image-preview:large, max-video-preview:-1\" \/>\n<link rel=\"canonical\" href=\"https:\/\/footballforumhungary.hu\/en\/agenda-football-forum-hungary-2026\/\" \/>\n<meta property=\"og:locale\" content=\"en_GB\" \/>\n<meta property=\"og:type\" content=\"article\" \/>\n<meta property=\"og:title\" content=\"Agenda - Football Forum Hungary 2026\" \/>\n<meta property=\"og:description\" content=\"A program r\u00e9szletein m\u00e9g dolgozunk, napr\u00f3l napra friss\u00edtj\u00fck \u00fajabb izgalmas t\u00e9m\u00e1kkal \u00e9s sz\u00ednes el\u0151ad\u00f3kkal! A programv\u00e1ltoztat\u00e1s jog\u00e1t fenntartjuk. \u00a0\" \/>\n<meta property=\"og:url\" content=\"https:\/\/footballforumhungary.hu\/en\/agenda-football-forum-hungary-2026\/\" \/>\n<meta property=\"og:site_name\" content=\"Football Forum Hungary 2026\" \/>\n<meta property=\"article:modified_time\" content=\"2026-03-23T15:54:28+00:00\" \/>\n<meta property=\"og:image\" content=\"https:\/\/footballforumhungary.hu\/wp-content\/uploads\/2026\/01\/FFH2026.png\" \/>\n\t<meta property=\"og:image:width\" content=\"500\" \/>\n\t<meta property=\"og:image:height\" content=\"500\" \/>\n\t<meta property=\"og:image:type\" content=\"image\/png\" \/>\n<meta name=\"twitter:card\" content=\"summary_large_image\" \/>\n<meta name=\"twitter:label1\" content=\"Estimated reading time\" \/>\n\t<meta name=\"twitter:data1\" content=\"1 minute\" \/>\n<script type=\"application\/ld+json\" class=\"yoast-schema-graph\">{\"@context\":\"https:\\\/\\\/schema.org\",\"@graph\":[{\"@type\":\"WebPage\",\"@id\":\"https:\\\/\\\/footballforumhungary.hu\\\/agenda-football-forum-hungary-2026\\\/\",\"url\":\"https:\\\/\\\/footballforumhungary.hu\\\/agenda-football-forum-hungary-2026\\\/\",\"name\":\"Agenda | Budapest, Pusk\u00e1s Ar\u00e9na | 2026. \u00c1prilis 21. - Football Forum Hungary 2026\",\"isPartOf\":{\"@id\":\"https:\\\/\\\/footballforumhungary.hu\\\/#website\"},\"primaryImageOfPage\":{\"@id\":\"https:\\\/\\\/footballforumhungary.hu\\\/agenda-football-forum-hungary-2026\\\/#primaryimage\"},\"image\":{\"@id\":\"https:\\\/\\\/footballforumhungary.hu\\\/agenda-football-forum-hungary-2026\\\/#primaryimage\"},\"thumbnailUrl\":\"https:\\\/\\\/footballforumhungary.hu\\\/wp-content\\\/uploads\\\/2026\\\/01\\\/FFH2026.png\",\"datePublished\":\"2026-02-25T07:59:49+00:00\",\"dateModified\":\"2026-03-23T15:54:28+00:00\",\"breadcrumb\":{\"@id\":\"https:\\\/\\\/footballforumhungary.hu\\\/agenda-football-forum-hungary-2026\\\/#breadcrumb\"},\"inLanguage\":\"en-GB\",\"potentialAction\":[{\"@type\":\"ReadAction\",\"target\":[\"https:\\\/\\\/footballforumhungary.hu\\\/agenda-football-forum-hungary-2026\\\/\"]}]},{\"@type\":\"ImageObject\",\"inLanguage\":\"en-GB\",\"@id\":\"https:\\\/\\\/footballforumhungary.hu\\\/agenda-football-forum-hungary-2026\\\/#primaryimage\",\"url\":\"https:\\\/\\\/footballforumhungary.hu\\\/wp-content\\\/uploads\\\/2026\\\/01\\\/FFH2026.png\",\"contentUrl\":\"https:\\\/\\\/footballforumhungary.hu\\\/wp-content\\\/uploads\\\/2026\\\/01\\\/FFH2026.png\",\"width\":500,\"height\":500},{\"@type\":\"BreadcrumbList\",\"@id\":\"https:\\\/\\\/footballforumhungary.hu\\\/agenda-football-forum-hungary-2026\\\/#breadcrumb\",\"itemListElement\":[{\"@type\":\"ListItem\",\"position\":1,\"name\":\"Kezd\u0151lap\",\"item\":\"https:\\\/\\\/footballforumhungary.hu\\\/\"},{\"@type\":\"ListItem\",\"position\":2,\"name\":\"Agenda | Budapest, Pusk\u00e1s Ar\u00e9na | 2026. \u00c1prilis 21.\"}]},{\"@type\":\"WebSite\",\"@id\":\"https:\\\/\\\/footballforumhungary.hu\\\/#website\",\"url\":\"https:\\\/\\\/footballforumhungary.hu\\\/\",\"name\":\"Football Forum Hungary 2026\",\"description\":\"\",\"publisher\":{\"@id\":\"https:\\\/\\\/footballforumhungary.hu\\\/#organization\"},\"potentialAction\":[{\"@type\":\"SearchAction\",\"target\":{\"@type\":\"EntryPoint\",\"urlTemplate\":\"https:\\\/\\\/footballforumhungary.hu\\\/?s={search_term_string}\"},\"query-input\":{\"@type\":\"PropertyValueSpecification\",\"valueRequired\":true,\"valueName\":\"search_term_string\"}}],\"inLanguage\":\"en-GB\"},{\"@type\":\"Organization\",\"@id\":\"https:\\\/\\\/footballforumhungary.hu\\\/#organization\",\"name\":\"Football Forum Hungary 2026\",\"url\":\"https:\\\/\\\/footballforumhungary.hu\\\/\",\"logo\":{\"@type\":\"ImageObject\",\"inLanguage\":\"en-GB\",\"@id\":\"https:\\\/\\\/footballforumhungary.hu\\\/#\\\/schema\\\/logo\\\/image\\\/\",\"url\":\"https:\\\/\\\/footballforumhungary.hu\\\/wp-content\\\/uploads\\\/2025\\\/07\\\/FFH-TPSM-EMW-3.png\",\"contentUrl\":\"https:\\\/\\\/footballforumhungary.hu\\\/wp-content\\\/uploads\\\/2025\\\/07\\\/FFH-TPSM-EMW-3.png\",\"width\":1094,\"height\":313,\"caption\":\"Football Forum Hungary 2026\"},\"image\":{\"@id\":\"https:\\\/\\\/footballforumhungary.hu\\\/#\\\/schema\\\/logo\\\/image\\\/\"}}]}<\/script>\n<!-- \/ Yoast SEO plugin. -->","yoast_head_json":{"title":"Agenda | Budapest, Pusk\u00e1s Ar\u00e9na | 2026. \u00c1prilis 21. - Football Forum Hungary 2026","robots":{"index":"index","follow":"follow","max-snippet":"max-snippet:-1","max-image-preview":"max-image-preview:large","max-video-preview":"max-video-preview:-1"},"canonical":"https:\/\/footballforumhungary.hu\/en\/agenda-football-forum-hungary-2026\/","og_locale":"en_GB","og_type":"article","og_title":"Agenda - Football Forum Hungary 2026","og_description":"A program r\u00e9szletein m\u00e9g dolgozunk, napr\u00f3l napra friss\u00edtj\u00fck \u00fajabb izgalmas t\u00e9m\u00e1kkal \u00e9s sz\u00ednes el\u0151ad\u00f3kkal! A programv\u00e1ltoztat\u00e1s jog\u00e1t fenntartjuk. \u00a0","og_url":"https:\/\/footballforumhungary.hu\/en\/agenda-football-forum-hungary-2026\/","og_site_name":"Football Forum Hungary 2026","article_modified_time":"2026-03-23T15:54:28+00:00","og_image":[{"width":500,"height":500,"url":"https:\/\/footballforumhungary.hu\/wp-content\/uploads\/2026\/01\/FFH2026.png","type":"image\/png"}],"twitter_card":"summary_large_image","twitter_misc":{"Estimated reading time":"1 minute"},"schema":{"@context":"https:\/\/schema.org","@graph":[{"@type":"WebPage","@id":"https:\/\/footballforumhungary.hu\/agenda-football-forum-hungary-2026\/","url":"https:\/\/footballforumhungary.hu\/agenda-football-forum-hungary-2026\/","name":"Agenda | Budapest, Pusk\u00e1s Ar\u00e9na | 2026. \u00c1prilis 21. - Football Forum Hungary 2026","isPartOf":{"@id":"https:\/\/footballforumhungary.hu\/#website"},"primaryImageOfPage":{"@id":"https:\/\/footballforumhungary.hu\/agenda-football-forum-hungary-2026\/#primaryimage"},"image":{"@id":"https:\/\/footballforumhungary.hu\/agenda-football-forum-hungary-2026\/#primaryimage"},"thumbnailUrl":"https:\/\/footballforumhungary.hu\/wp-content\/uploads\/2026\/01\/FFH2026.png","datePublished":"2026-02-25T07:59:49+00:00","dateModified":"2026-03-23T15:54:28+00:00","breadcrumb":{"@id":"https:\/\/footballforumhungary.hu\/agenda-football-forum-hungary-2026\/#breadcrumb"},"inLanguage":"en-GB","potentialAction":[{"@type":"ReadAction","target":["https:\/\/footballforumhungary.hu\/agenda-football-forum-hungary-2026\/"]}]},{"@type":"ImageObject","inLanguage":"en-GB","@id":"https:\/\/footballforumhungary.hu\/agenda-football-forum-hungary-2026\/#primaryimage","url":"https:\/\/footballforumhungary.hu\/wp-content\/uploads\/2026\/01\/FFH2026.png","contentUrl":"https:\/\/footballforumhungary.hu\/wp-content\/uploads\/2026\/01\/FFH2026.png","width":500,"height":500},{"@type":"BreadcrumbList","@id":"https:\/\/footballforumhungary.hu\/agenda-football-forum-hungary-2026\/#breadcrumb","itemListElement":[{"@type":"ListItem","position":1,"name":"Kezd\u0151lap","item":"https:\/\/footballforumhungary.hu\/"},{"@type":"ListItem","position":2,"name":"Agenda | Budapest, Pusk\u00e1s Ar\u00e9na | 2026. \u00c1prilis 21."}]},{"@type":"WebSite","@id":"https:\/\/footballforumhungary.hu\/#website","url":"https:\/\/footballforumhungary.hu\/","name":"Football Forum Hungary 2026","description":"","publisher":{"@id":"https:\/\/footballforumhungary.hu\/#organization"},"potentialAction":[{"@type":"SearchAction","target":{"@type":"EntryPoint","urlTemplate":"https:\/\/footballforumhungary.hu\/?s={search_term_string}"},"query-input":{"@type":"PropertyValueSpecification","valueRequired":true,"valueName":"search_term_string"}}],"inLanguage":"en-GB"},{"@type":"Organization","@id":"https:\/\/footballforumhungary.hu\/#organization","name":"Football Forum Hungary 2026","url":"https:\/\/footballforumhungary.hu\/","logo":{"@type":"ImageObject","inLanguage":"en-GB","@id":"https:\/\/footballforumhungary.hu\/#\/schema\/logo\/image\/","url":"https:\/\/footballforumhungary.hu\/wp-content\/uploads\/2025\/07\/FFH-TPSM-EMW-3.png","contentUrl":"https:\/\/footballforumhungary.hu\/wp-content\/uploads\/2025\/07\/FFH-TPSM-EMW-3.png","width":1094,"height":313,"caption":"Football Forum Hungary 2026"},"image":{"@id":"https:\/\/footballforumhungary.hu\/#\/schema\/logo\/image\/"}}]}},"_links":{"self":[{"href":"https:\/\/footballforumhungary.hu\/en\/wp-json\/wp\/v2\/pages\/4928","targetHints":{"allow":["GET"]}}],"collection":[{"href":"https:\/\/footballforumhungary.hu\/en\/wp-json\/wp\/v2\/pages"}],"about":[{"href":"https:\/\/footballforumhungary.hu\/en\/wp-json\/wp\/v2\/types\/page"}],"author":[{"embeddable":true,"href":"https:\/\/footballforumhungary.hu\/en\/wp-json\/wp\/v2\/users\/1"}],"replies":[{"embeddable":true,"href":"https:\/\/footballforumhungary.hu\/en\/wp-json\/wp\/v2\/comments?post=4928"}],"version-history":[{"count":0,"href":"https:\/\/footballforumhungary.hu\/en\/wp-json\/wp\/v2\/pages\/4928\/revisions"}],"wp:featuredmedia":[{"embeddable":true,"href":"https:\/\/footballforumhungary.hu\/en\/wp-json\/wp\/v2\/media\/4699"}],"wp:attachment":[{"href":"https:\/\/footballforumhungary.hu\/en\/wp-json\/wp\/v2\/media?parent=4928"}],"curies":[{"name":"wp","href":"https:\/\/api.w.org\/{rel}","templated":true}]}}