{"id":4704,"date":"2026-02-02T14:46:29","date_gmt":"2026-02-02T13:46:29","guid":{"rendered":"https:\/\/footballforumhungary.hu\/?page_id=4704"},"modified":"2026-04-04T14:30:33","modified_gmt":"2026-04-04T12:30:33","slug":"mez-szepsegverseny","status":"publish","type":"page","link":"https:\/\/footballforumhungary.hu\/en\/mez-szepsegverseny\/","title":{"rendered":"Football Shirt Contest"},"content":{"rendered":"<div data-elementor-type=\"wp-page\" data-elementor-id=\"4704\" class=\"elementor elementor-4704\" data-elementor-post-type=\"page\">\n\t\t\t\t<div class=\"elementor-element elementor-element-3777f7e e-con-full e-flex e-con e-parent\" data-id=\"3777f7e\" data-element_type=\"container\" data-e-type=\"container\">\n\t\t<div class=\"elementor-element elementor-element-4e52d29 e-con-full e-flex e-con e-child\" data-id=\"4e52d29\" data-element_type=\"container\" data-e-type=\"container\" data-settings=\"{&quot;background_background&quot;:&quot;video&quot;,&quot;background_play_on_mobile&quot;:&quot;yes&quot;,&quot;background_video_link&quot;:&quot;https:\\\/\\\/youtu.be\\\/R_MZUGZ7jNA&quot;}\">\n\t\t<div class=\"elementor-background-video-container\">\n\t\t\t\t\t\t\t<div class=\"elementor-background-video-embed\" role=\"presentation\"><\/div>\n\t\t\t\t\t\t<\/div><div class=\"elementor-element elementor-element-81a8e52 e-flex e-con-boxed e-con e-child\" data-id=\"81a8e52\" data-element_type=\"container\" data-e-type=\"container\">\n\t\t\t\t\t<div class=\"e-con-inner\">\n\t\t\t\t<div class=\"elementor-element elementor-element-eaf5cfc elementor-widget__width-initial elementor-widget elementor-widget-heading\" data-id=\"eaf5cfc\" data-element_type=\"widget\" data-e-type=\"widget\" data-widget_type=\"heading.default\">\n\t\t\t\t\t<h2 class=\"elementor-heading-title elementor-size-default\">Football Shirt Contest<\/h2>\t\t\t\t<\/div>\n\t\t\t\t\t<\/div>\n\t\t\t\t<\/div>\n\t\t\t\t<\/div>\n\t\t\t\t<\/div>\n\t\t<div class=\"elementor-element elementor-element-707db93 e-flex e-con-boxed e-con e-parent\" data-id=\"707db93\" data-element_type=\"container\" data-e-type=\"container\">\n\t\t\t\t\t<div class=\"e-con-inner\">\n\t\t<div class=\"elementor-element elementor-element-acb0ec0 e-con-full e-flex e-con e-child\" data-id=\"acb0ec0\" data-element_type=\"container\" data-e-type=\"container\">\n\t\t<div class=\"elementor-element elementor-element-214a83f e-con-full e-flex e-con e-child\" data-id=\"214a83f\" data-element_type=\"container\" data-e-type=\"container\">\n\t\t\t\t<div class=\"elementor-element elementor-element-499a1b2 elementor-widget elementor-widget-text-editor\" data-id=\"499a1b2\" data-element_type=\"widget\" data-e-type=\"widget\" data-widget_type=\"text-editor.default\">\n\t\t\t\t\t\t\t\t\t<h3>Football Shirt Contest: Where Football Meets Fashion<\/h3><p>One of the most spectacular side events of Football Forum Hungary 2026 is the <strong>Football Shirt Contest<\/strong>, held as part of the Forum afterparty at an iconic venue. The aim of the event is to showcase how the passion of football meets modern design and creativity.<\/p><p>The contest offers teams the opportunity to put their unique, distinctive jerseys in the spotlight, while gaining strong visibility and long-term brand exposure. A jersey is more than just sportswear \u2013 it represents identity, history, and style. This is exactly what the Football Shirt Contest celebrates.<\/p>\t\t\t\t\t\t\t\t<\/div>\n\t\t\t\t<\/div>\n\t\t\t\t<\/div>\n\t\t\t\t\t<\/div>\n\t\t\t\t<\/div>\n\t\t<div class=\"elementor-element elementor-element-0dafe2c e-flex e-con-boxed e-con e-parent\" data-id=\"0dafe2c\" data-element_type=\"container\" data-e-type=\"container\">\n\t\t\t\t\t<div class=\"e-con-inner\">\n\t\t<div class=\"elementor-element elementor-element-d5c659d e-con-full e-flex e-con e-child\" data-id=\"d5c659d\" data-element_type=\"container\" data-e-type=\"container\" data-settings=\"{&quot;background_background&quot;:&quot;gradient&quot;}\">\n\t\t<div class=\"elementor-element elementor-element-5ae2578 e-con-full e-flex e-con e-child\" data-id=\"5ae2578\" data-element_type=\"container\" data-e-type=\"container\">\n\t\t\t\t<div class=\"elementor-element elementor-element-54c1ac1 elementor-widget elementor-widget-text-editor\" data-id=\"54c1ac1\" data-element_type=\"widget\" data-e-type=\"widget\" data-widget_type=\"text-editor.default\">\n\t\t\t\t\t\t\t\t\t<h3>Competition format<\/h3><p><strong>Online public voting<\/strong><br \/>Fans and football enthusiasts can vote online for their favorite jerseys, allowing the audience to actively shape the outcome of the competition.<\/p><p><strong>Helysz\u00edni d\u00f6nt\u0151 &#8211; <a href=\"https:\/\/www.bohobar.hu\/\">BOHO BAR<\/a><\/strong><br \/>During the final, selected jerseys are presented by models and evaluated by a professional jury based on multiple criteria.<\/p><p>The Football T-shirt Contest is not just a competition, but an experience \u2013 where football, fashion, and the audience come together.\u26bd\ud83d\udc55\u2728<\/p><p dir=\"ltr\"><strong>Application deadline<\/strong><br \/>25 March 2026 (Wednesday), midnight<\/p><p><span id=\"gmail-docs-internal-guid-35a61bc8-7fff-3d18-f1c9-468b316efc95\"><\/span><strong>Contact us:<\/strong><\/p><p><a title=\"mailto:events@thepathsm.com\" href=\"mailto:events@thepathsm.com\">events@thepathsm.com<\/a><\/p><p dir=\"ltr\"><strong>Mailing address:<\/strong><br \/>1013 Budapest, L\u00e1nch\u00edd utca 15\u201317<br \/>the path sports management<\/p>\t\t\t\t\t\t\t\t<\/div>\n\t\t\t\t<\/div>\n\t\t\t\t<\/div>\n\t\t\t\t\t<\/div>\n\t\t\t\t<\/div>\n\t\t<div class=\"elementor-element elementor-element-f418503 e-flex e-con-boxed e-con e-parent\" data-id=\"f418503\" data-element_type=\"container\" data-e-type=\"container\">\n\t\t\t\t\t<div class=\"e-con-inner\">\n\t\t\t\t<div class=\"elementor-element elementor-element-d82cc8d elementor-widget elementor-widget-spacer\" data-id=\"d82cc8d\" data-element_type=\"widget\" data-e-type=\"widget\" data-widget_type=\"spacer.default\">\n\t\t\t\t\t\t\t<div class=\"elementor-spacer\">\n\t\t\t<div class=\"elementor-spacer-inner\"><\/div>\n\t\t<\/div>\n\t\t\t\t\t\t<\/div>\n\t\t\t\t<div class=\"elementor-element elementor-element-fdd021f elementor-widget elementor-widget-heading\" data-id=\"fdd021f\" data-element_type=\"widget\" data-e-type=\"widget\" data-widget_type=\"heading.default\">\n\t\t\t\t\t<h2 class=\"elementor-heading-title elementor-size-default\">Check out the atmosphere of last year's event!<\/h2>\t\t\t\t<\/div>\n\t\t\t\t<div class=\"elementor-element elementor-element-ccec2f5 elementor-widget elementor-widget-gallery\" data-id=\"ccec2f5\" data-element_type=\"widget\" data-e-type=\"widget\" data-settings=\"{&quot;lazyload&quot;:&quot;yes&quot;,&quot;gallery_layout&quot;:&quot;grid&quot;,&quot;columns&quot;:4,&quot;columns_tablet&quot;:2,&quot;columns_mobile&quot;:1,&quot;gap&quot;:{&quot;unit&quot;:&quot;px&quot;,&quot;size&quot;:10,&quot;sizes&quot;:[]},&quot;gap_tablet&quot;:{&quot;unit&quot;:&quot;px&quot;,&quot;size&quot;:10,&quot;sizes&quot;:[]},&quot;gap_mobile&quot;:{&quot;unit&quot;:&quot;px&quot;,&quot;size&quot;:10,&quot;sizes&quot;:[]},&quot;link_to&quot;:&quot;file&quot;,&quot;aspect_ratio&quot;:&quot;3:2&quot;,&quot;overlay_background&quot;:&quot;yes&quot;,&quot;content_hover_animation&quot;:&quot;fade-in&quot;}\" data-widget_type=\"gallery.default\">\n\t\t\t\t\t\t\t<div class=\"elementor-gallery__container\">\n\t\t\t\t\t\t\t<a class=\"e-gallery-item elementor-gallery-item elementor-animated-content\" href=\"https:\/\/footballforumhungary.hu\/wp-content\/uploads\/2026\/01\/DSC03157-1.webp\" data-elementor-open-lightbox=\"yes\" data-elementor-lightbox-slideshow=\"ccec2f5\" data-elementor-lightbox-title=\"DSC03157-1\" data-e-action-hash=\"#elementor-action%3Aaction%3Dlightbox%26settings%3DeyJpZCI6NDcyMiwidXJsIjoiaHR0cHM6XC9cL2Zvb3RiYWxsZm9ydW1odW5nYXJ5Lmh1XC93cC1jb250ZW50XC91cGxvYWRzXC8yMDI2XC8wMVwvRFNDMDMxNTctMS53ZWJwIiwic2xpZGVzaG93IjoiY2NlYzJmNSJ9\">\n\t\t\t\t\t<div class=\"e-gallery-image elementor-gallery-item__image\" data-thumbnail=\"https:\/\/footballforumhungary.hu\/wp-content\/uploads\/2026\/01\/DSC03157-1-300x200.webp\" data-width=\"300\" data-height=\"200\" aria-label=\"\" role=\"img\" ><\/div>\n\t\t\t\t\t\t\t\t\t\t\t<div class=\"elementor-gallery-item__overlay\"><\/div>\n\t\t\t\t\t\t\t\t\t\t\t\t\t\t<\/a>\n\t\t\t\t\t\t\t<a class=\"e-gallery-item elementor-gallery-item elementor-animated-content\" href=\"https:\/\/footballforumhungary.hu\/wp-content\/uploads\/2026\/01\/DSC03173-1.webp\" data-elementor-open-lightbox=\"yes\" data-elementor-lightbox-slideshow=\"ccec2f5\" data-elementor-lightbox-title=\"DSC03173-1\" data-e-action-hash=\"#elementor-action%3Aaction%3Dlightbox%26settings%3DeyJpZCI6NDcyMywidXJsIjoiaHR0cHM6XC9cL2Zvb3RiYWxsZm9ydW1odW5nYXJ5Lmh1XC93cC1jb250ZW50XC91cGxvYWRzXC8yMDI2XC8wMVwvRFNDMDMxNzMtMS53ZWJwIiwic2xpZGVzaG93IjoiY2NlYzJmNSJ9\">\n\t\t\t\t\t<div class=\"e-gallery-image elementor-gallery-item__image\" data-thumbnail=\"https:\/\/footballforumhungary.hu\/wp-content\/uploads\/2026\/01\/DSC03173-1-300x200.webp\" data-width=\"300\" data-height=\"200\" aria-label=\"\" role=\"img\" ><\/div>\n\t\t\t\t\t\t\t\t\t\t\t<div class=\"elementor-gallery-item__overlay\"><\/div>\n\t\t\t\t\t\t\t\t\t\t\t\t\t\t<\/a>\n\t\t\t\t\t\t\t<a class=\"e-gallery-item elementor-gallery-item elementor-animated-content\" href=\"https:\/\/footballforumhungary.hu\/wp-content\/uploads\/2026\/01\/DSC03449-1.webp\" data-elementor-open-lightbox=\"yes\" data-elementor-lightbox-slideshow=\"ccec2f5\" data-elementor-lightbox-title=\"DSC03449-1\" data-e-action-hash=\"#elementor-action%3Aaction%3Dlightbox%26settings%3DeyJpZCI6NDcyNCwidXJsIjoiaHR0cHM6XC9cL2Zvb3RiYWxsZm9ydW1odW5nYXJ5Lmh1XC93cC1jb250ZW50XC91cGxvYWRzXC8yMDI2XC8wMVwvRFNDMDM0NDktMS53ZWJwIiwic2xpZGVzaG93IjoiY2NlYzJmNSJ9\">\n\t\t\t\t\t<div class=\"e-gallery-image elementor-gallery-item__image\" data-thumbnail=\"https:\/\/footballforumhungary.hu\/wp-content\/uploads\/2026\/01\/DSC03449-1-300x200.webp\" data-width=\"300\" data-height=\"200\" aria-label=\"\" role=\"img\" ><\/div>\n\t\t\t\t\t\t\t\t\t\t\t<div class=\"elementor-gallery-item__overlay\"><\/div>\n\t\t\t\t\t\t\t\t\t\t\t\t\t\t<\/a>\n\t\t\t\t\t\t\t<a class=\"e-gallery-item elementor-gallery-item elementor-animated-content\" href=\"https:\/\/footballforumhungary.hu\/wp-content\/uploads\/2026\/01\/DSC03504-1.webp\" data-elementor-open-lightbox=\"yes\" data-elementor-lightbox-slideshow=\"ccec2f5\" data-elementor-lightbox-title=\"DSC03504-1\" data-e-action-hash=\"#elementor-action%3Aaction%3Dlightbox%26settings%3DeyJpZCI6NDcyNSwidXJsIjoiaHR0cHM6XC9cL2Zvb3RiYWxsZm9ydW1odW5nYXJ5Lmh1XC93cC1jb250ZW50XC91cGxvYWRzXC8yMDI2XC8wMVwvRFNDMDM1MDQtMS53ZWJwIiwic2xpZGVzaG93IjoiY2NlYzJmNSJ9\">\n\t\t\t\t\t<div class=\"e-gallery-image elementor-gallery-item__image\" data-thumbnail=\"https:\/\/footballforumhungary.hu\/wp-content\/uploads\/2026\/01\/DSC03504-1-300x200.webp\" data-width=\"300\" data-height=\"200\" aria-label=\"\" role=\"img\" ><\/div>\n\t\t\t\t\t\t\t\t\t\t\t<div class=\"elementor-gallery-item__overlay\"><\/div>\n\t\t\t\t\t\t\t\t\t\t\t\t\t\t<\/a>\n\t\t\t\t\t\t\t<a class=\"e-gallery-item elementor-gallery-item elementor-animated-content\" href=\"https:\/\/footballforumhungary.hu\/wp-content\/uploads\/2026\/01\/DSC03542-1.webp\" data-elementor-open-lightbox=\"yes\" data-elementor-lightbox-slideshow=\"ccec2f5\" data-elementor-lightbox-title=\"DSC03542-1\" data-e-action-hash=\"#elementor-action%3Aaction%3Dlightbox%26settings%3DeyJpZCI6NDcyNiwidXJsIjoiaHR0cHM6XC9cL2Zvb3RiYWxsZm9ydW1odW5nYXJ5Lmh1XC93cC1jb250ZW50XC91cGxvYWRzXC8yMDI2XC8wMVwvRFNDMDM1NDItMS53ZWJwIiwic2xpZGVzaG93IjoiY2NlYzJmNSJ9\">\n\t\t\t\t\t<div class=\"e-gallery-image elementor-gallery-item__image\" data-thumbnail=\"https:\/\/footballforumhungary.hu\/wp-content\/uploads\/2026\/01\/DSC03542-1-300x200.webp\" data-width=\"300\" data-height=\"200\" aria-label=\"\" role=\"img\" ><\/div>\n\t\t\t\t\t\t\t\t\t\t\t<div class=\"elementor-gallery-item__overlay\"><\/div>\n\t\t\t\t\t\t\t\t\t\t\t\t\t\t<\/a>\n\t\t\t\t\t\t\t<a class=\"e-gallery-item elementor-gallery-item elementor-animated-content\" href=\"https:\/\/footballforumhungary.hu\/wp-content\/uploads\/2026\/01\/DSC03552-1.webp\" data-elementor-open-lightbox=\"yes\" data-elementor-lightbox-slideshow=\"ccec2f5\" data-elementor-lightbox-title=\"DSC03552-1\" data-e-action-hash=\"#elementor-action%3Aaction%3Dlightbox%26settings%3DeyJpZCI6NDcyNywidXJsIjoiaHR0cHM6XC9cL2Zvb3RiYWxsZm9ydW1odW5nYXJ5Lmh1XC93cC1jb250ZW50XC91cGxvYWRzXC8yMDI2XC8wMVwvRFNDMDM1NTItMS53ZWJwIiwic2xpZGVzaG93IjoiY2NlYzJmNSJ9\">\n\t\t\t\t\t<div class=\"e-gallery-image elementor-gallery-item__image\" data-thumbnail=\"https:\/\/footballforumhungary.hu\/wp-content\/uploads\/2026\/01\/DSC03552-1-300x200.webp\" data-width=\"300\" data-height=\"200\" aria-label=\"\" role=\"img\" ><\/div>\n\t\t\t\t\t\t\t\t\t\t\t<div class=\"elementor-gallery-item__overlay\"><\/div>\n\t\t\t\t\t\t\t\t\t\t\t\t\t\t<\/a>\n\t\t\t\t\t\t\t<a class=\"e-gallery-item elementor-gallery-item elementor-animated-content\" href=\"https:\/\/footballforumhungary.hu\/wp-content\/uploads\/2026\/01\/DSC03570-1.webp\" data-elementor-open-lightbox=\"yes\" data-elementor-lightbox-slideshow=\"ccec2f5\" data-elementor-lightbox-title=\"DSC03570-1\" data-e-action-hash=\"#elementor-action%3Aaction%3Dlightbox%26settings%3DeyJpZCI6NDcyOCwidXJsIjoiaHR0cHM6XC9cL2Zvb3RiYWxsZm9ydW1odW5nYXJ5Lmh1XC93cC1jb250ZW50XC91cGxvYWRzXC8yMDI2XC8wMVwvRFNDMDM1NzAtMS53ZWJwIiwic2xpZGVzaG93IjoiY2NlYzJmNSJ9\">\n\t\t\t\t\t<div class=\"e-gallery-image elementor-gallery-item__image\" data-thumbnail=\"https:\/\/footballforumhungary.hu\/wp-content\/uploads\/2026\/01\/DSC03570-1-300x200.webp\" data-width=\"300\" data-height=\"200\" aria-label=\"\" role=\"img\" ><\/div>\n\t\t\t\t\t\t\t\t\t\t\t<div class=\"elementor-gallery-item__overlay\"><\/div>\n\t\t\t\t\t\t\t\t\t\t\t\t\t\t<\/a>\n\t\t\t\t\t\t\t<a class=\"e-gallery-item elementor-gallery-item elementor-animated-content\" href=\"https:\/\/footballforumhungary.hu\/wp-content\/uploads\/2026\/01\/DSC03578-1.webp\" data-elementor-open-lightbox=\"yes\" data-elementor-lightbox-slideshow=\"ccec2f5\" data-elementor-lightbox-title=\"DSC03578-1\" data-e-action-hash=\"#elementor-action%3Aaction%3Dlightbox%26settings%3DeyJpZCI6NDcyOSwidXJsIjoiaHR0cHM6XC9cL2Zvb3RiYWxsZm9ydW1odW5nYXJ5Lmh1XC93cC1jb250ZW50XC91cGxvYWRzXC8yMDI2XC8wMVwvRFNDMDM1NzgtMS53ZWJwIiwic2xpZGVzaG93IjoiY2NlYzJmNSJ9\">\n\t\t\t\t\t<div class=\"e-gallery-image elementor-gallery-item__image\" data-thumbnail=\"https:\/\/footballforumhungary.hu\/wp-content\/uploads\/2026\/01\/DSC03578-1-300x200.webp\" data-width=\"300\" data-height=\"200\" aria-label=\"\" role=\"img\" ><\/div>\n\t\t\t\t\t\t\t\t\t\t\t<div class=\"elementor-gallery-item__overlay\"><\/div>\n\t\t\t\t\t\t\t\t\t\t\t\t\t\t<\/a>\n\t\t\t\t\t<\/div>\n\t\t\t\t\t<\/div>\n\t\t\t\t\t<\/div>\n\t\t\t\t<\/div>\n\t\t<div class=\"elementor-element elementor-element-74ab271 e-flex e-con-boxed e-con e-parent\" data-id=\"74ab271\" data-element_type=\"container\" data-e-type=\"container\">\n\t\t\t\t\t<div class=\"e-con-inner\">\n\t\t\t\t\t<\/div>\n\t\t\t\t<\/div>\n\t\t\t\t<\/div>","protected":false},"excerpt":{"rendered":"<p>Mez-Sz\u00e9ps\u00e9gverseny Mez-Sz\u00e9ps\u00e9gverseny: A futball \u00e9s a divat tal\u00e1lkoz\u00e1sa A Football Forum Hungary 2026 egyik legl\u00e1tv\u00e1nyosabb k\u00eds\u00e9r\u0151esem\u00e9nye a Mez-Sz\u00e9ps\u00e9gverseny, amely a Forum afterparty r\u00e9szek\u00e9nt, ikonikus helysz\u00ednen ker\u00fcl megrendez\u00e9sre. Az esem\u00e9ny c\u00e9lja, hogy bemutassa, hogyan tal\u00e1lkozik a futball szenved\u00e9lye a modern diz\u00e1jnnal \u00e9s kreativit\u00e1ssal. A verseny lehet\u0151s\u00e9get ad a csapatok sz\u00e1m\u00e1ra, hogy egyedi, karakteres mezeiket reflektorf\u00e9nybe \u00e1ll\u00edts\u00e1k, [&hellip;]<\/p>","protected":false},"author":1,"featured_media":0,"parent":0,"menu_order":0,"comment_status":"closed","ping_status":"closed","template":"","meta":{"_acf_changed":false,"footnotes":""},"class_list":["post-4704","page","type-page","status-publish","hentry"],"acf":[],"yoast_head":"<!-- This site is optimized with the Yoast SEO plugin v25.6 - https:\/\/yoast.com\/wordpress\/plugins\/seo\/ -->\n<title>Mez-Sz\u00e9ps\u00e9gverseny - Football Forum Hungary 2026<\/title>\n<meta name=\"robots\" content=\"index, follow, max-snippet:-1, max-image-preview:large, max-video-preview:-1\" \/>\n<link rel=\"canonical\" href=\"https:\/\/footballforumhungary.hu\/en\/mez-szepsegverseny\/\" \/>\n<meta property=\"og:locale\" content=\"en_GB\" \/>\n<meta property=\"og:type\" content=\"article\" \/>\n<meta property=\"og:title\" content=\"Mez-Sz\u00e9ps\u00e9gverseny - Football Forum Hungary 2026\" \/>\n<meta property=\"og:description\" content=\"Mez-Sz\u00e9ps\u00e9gverseny Mez-Sz\u00e9ps\u00e9gverseny: A futball \u00e9s a divat tal\u00e1lkoz\u00e1sa A Football Forum Hungary 2026 egyik legl\u00e1tv\u00e1nyosabb k\u00eds\u00e9r\u0151esem\u00e9nye a Mez-Sz\u00e9ps\u00e9gverseny, amely a Forum afterparty r\u00e9szek\u00e9nt, ikonikus helysz\u00ednen ker\u00fcl megrendez\u00e9sre. Az esem\u00e9ny c\u00e9lja, hogy bemutassa, hogyan tal\u00e1lkozik a futball szenved\u00e9lye a modern diz\u00e1jnnal \u00e9s kreativit\u00e1ssal. A verseny lehet\u0151s\u00e9get ad a csapatok sz\u00e1m\u00e1ra, hogy egyedi, karakteres mezeiket reflektorf\u00e9nybe \u00e1ll\u00edts\u00e1k, [&hellip;]\" \/>\n<meta property=\"og:url\" content=\"https:\/\/footballforumhungary.hu\/en\/mez-szepsegverseny\/\" \/>\n<meta property=\"og:site_name\" content=\"Football Forum Hungary 2026\" \/>\n<meta property=\"article:modified_time\" content=\"2026-04-04T12:30:33+00:00\" \/>\n<meta name=\"twitter:card\" content=\"summary_large_image\" \/>\n<meta name=\"twitter:label1\" content=\"Estimated reading time\" \/>\n\t<meta name=\"twitter:data1\" content=\"2 minutes\" \/>\n<script type=\"application\/ld+json\" class=\"yoast-schema-graph\">{\"@context\":\"https:\/\/schema.org\",\"@graph\":[{\"@type\":\"WebPage\",\"@id\":\"https:\/\/footballforumhungary.hu\/mez-szepsegverseny\/\",\"url\":\"https:\/\/footballforumhungary.hu\/mez-szepsegverseny\/\",\"name\":\"Mez-Sz\u00e9ps\u00e9gverseny - Football Forum Hungary 2026\",\"isPartOf\":{\"@id\":\"https:\/\/footballforumhungary.hu\/#website\"},\"datePublished\":\"2026-02-02T13:46:29+00:00\",\"dateModified\":\"2026-04-04T12:30:33+00:00\",\"breadcrumb\":{\"@id\":\"https:\/\/footballforumhungary.hu\/mez-szepsegverseny\/#breadcrumb\"},\"inLanguage\":\"en-GB\",\"potentialAction\":[{\"@type\":\"ReadAction\",\"target\":[\"https:\/\/footballforumhungary.hu\/mez-szepsegverseny\/\"]}]},{\"@type\":\"BreadcrumbList\",\"@id\":\"https:\/\/footballforumhungary.hu\/mez-szepsegverseny\/#breadcrumb\",\"itemListElement\":[{\"@type\":\"ListItem\",\"position\":1,\"name\":\"Kezd\u0151lap\",\"item\":\"https:\/\/footballforumhungary.hu\/\"},{\"@type\":\"ListItem\",\"position\":2,\"name\":\"Mez-Sz\u00e9ps\u00e9gverseny\"}]},{\"@type\":\"WebSite\",\"@id\":\"https:\/\/footballforumhungary.hu\/#website\",\"url\":\"https:\/\/footballforumhungary.hu\/\",\"name\":\"Football Forum Hungary 2026\",\"description\":\"\",\"publisher\":{\"@id\":\"https:\/\/footballforumhungary.hu\/#organization\"},\"potentialAction\":[{\"@type\":\"SearchAction\",\"target\":{\"@type\":\"EntryPoint\",\"urlTemplate\":\"https:\/\/footballforumhungary.hu\/?s={search_term_string}\"},\"query-input\":{\"@type\":\"PropertyValueSpecification\",\"valueRequired\":true,\"valueName\":\"search_term_string\"}}],\"inLanguage\":\"en-GB\"},{\"@type\":\"Organization\",\"@id\":\"https:\/\/footballforumhungary.hu\/#organization\",\"name\":\"Football Forum Hungary 2026\",\"url\":\"https:\/\/footballforumhungary.hu\/\",\"logo\":{\"@type\":\"ImageObject\",\"inLanguage\":\"en-GB\",\"@id\":\"https:\/\/footballforumhungary.hu\/#\/schema\/logo\/image\/\",\"url\":\"https:\/\/footballforumhungary.hu\/wp-content\/uploads\/2025\/07\/FFH-TPSM-EMW-3.png\",\"contentUrl\":\"https:\/\/footballforumhungary.hu\/wp-content\/uploads\/2025\/07\/FFH-TPSM-EMW-3.png\",\"width\":1094,\"height\":313,\"caption\":\"Football Forum Hungary 2026\"},\"image\":{\"@id\":\"https:\/\/footballforumhungary.hu\/#\/schema\/logo\/image\/\"}}]}<\/script>\n<!-- \/ Yoast SEO plugin. -->","yoast_head_json":{"title":"Mez-Sz\u00e9ps\u00e9gverseny - Football Forum Hungary 2026","robots":{"index":"index","follow":"follow","max-snippet":"max-snippet:-1","max-image-preview":"max-image-preview:large","max-video-preview":"max-video-preview:-1"},"canonical":"https:\/\/footballforumhungary.hu\/en\/mez-szepsegverseny\/","og_locale":"en_GB","og_type":"article","og_title":"Mez-Sz\u00e9ps\u00e9gverseny - Football Forum Hungary 2026","og_description":"Mez-Sz\u00e9ps\u00e9gverseny Mez-Sz\u00e9ps\u00e9gverseny: A futball \u00e9s a divat tal\u00e1lkoz\u00e1sa A Football Forum Hungary 2026 egyik legl\u00e1tv\u00e1nyosabb k\u00eds\u00e9r\u0151esem\u00e9nye a Mez-Sz\u00e9ps\u00e9gverseny, amely a Forum afterparty r\u00e9szek\u00e9nt, ikonikus helysz\u00ednen ker\u00fcl megrendez\u00e9sre. Az esem\u00e9ny c\u00e9lja, hogy bemutassa, hogyan tal\u00e1lkozik a futball szenved\u00e9lye a modern diz\u00e1jnnal \u00e9s kreativit\u00e1ssal. A verseny lehet\u0151s\u00e9get ad a csapatok sz\u00e1m\u00e1ra, hogy egyedi, karakteres mezeiket reflektorf\u00e9nybe \u00e1ll\u00edts\u00e1k, [&hellip;]","og_url":"https:\/\/footballforumhungary.hu\/en\/mez-szepsegverseny\/","og_site_name":"Football Forum Hungary 2026","article_modified_time":"2026-04-04T12:30:33+00:00","twitter_card":"summary_large_image","twitter_misc":{"Estimated reading time":"2 minutes"},"schema":{"@context":"https:\/\/schema.org","@graph":[{"@type":"WebPage","@id":"https:\/\/footballforumhungary.hu\/mez-szepsegverseny\/","url":"https:\/\/footballforumhungary.hu\/mez-szepsegverseny\/","name":"Mez-Sz\u00e9ps\u00e9gverseny - Football Forum Hungary 2026","isPartOf":{"@id":"https:\/\/footballforumhungary.hu\/#website"},"datePublished":"2026-02-02T13:46:29+00:00","dateModified":"2026-04-04T12:30:33+00:00","breadcrumb":{"@id":"https:\/\/footballforumhungary.hu\/mez-szepsegverseny\/#breadcrumb"},"inLanguage":"en-GB","potentialAction":[{"@type":"ReadAction","target":["https:\/\/footballforumhungary.hu\/mez-szepsegverseny\/"]}]},{"@type":"BreadcrumbList","@id":"https:\/\/footballforumhungary.hu\/mez-szepsegverseny\/#breadcrumb","itemListElement":[{"@type":"ListItem","position":1,"name":"Kezd\u0151lap","item":"https:\/\/footballforumhungary.hu\/"},{"@type":"ListItem","position":2,"name":"Mez-Sz\u00e9ps\u00e9gverseny"}]},{"@type":"WebSite","@id":"https:\/\/footballforumhungary.hu\/#website","url":"https:\/\/footballforumhungary.hu\/","name":"Football Forum Hungary 2026","description":"","publisher":{"@id":"https:\/\/footballforumhungary.hu\/#organization"},"potentialAction":[{"@type":"SearchAction","target":{"@type":"EntryPoint","urlTemplate":"https:\/\/footballforumhungary.hu\/?s={search_term_string}"},"query-input":{"@type":"PropertyValueSpecification","valueRequired":true,"valueName":"search_term_string"}}],"inLanguage":"en-GB"},{"@type":"Organization","@id":"https:\/\/footballforumhungary.hu\/#organization","name":"Football Forum Hungary 2026","url":"https:\/\/footballforumhungary.hu\/","logo":{"@type":"ImageObject","inLanguage":"en-GB","@id":"https:\/\/footballforumhungary.hu\/#\/schema\/logo\/image\/","url":"https:\/\/footballforumhungary.hu\/wp-content\/uploads\/2025\/07\/FFH-TPSM-EMW-3.png","contentUrl":"https:\/\/footballforumhungary.hu\/wp-content\/uploads\/2025\/07\/FFH-TPSM-EMW-3.png","width":1094,"height":313,"caption":"Football Forum Hungary 2026"},"image":{"@id":"https:\/\/footballforumhungary.hu\/#\/schema\/logo\/image\/"}}]}},"_links":{"self":[{"href":"https:\/\/footballforumhungary.hu\/en\/wp-json\/wp\/v2\/pages\/4704","targetHints":{"allow":["GET"]}}],"collection":[{"href":"https:\/\/footballforumhungary.hu\/en\/wp-json\/wp\/v2\/pages"}],"about":[{"href":"https:\/\/footballforumhungary.hu\/en\/wp-json\/wp\/v2\/types\/page"}],"author":[{"embeddable":true,"href":"https:\/\/footballforumhungary.hu\/en\/wp-json\/wp\/v2\/users\/1"}],"replies":[{"embeddable":true,"href":"https:\/\/footballforumhungary.hu\/en\/wp-json\/wp\/v2\/comments?post=4704"}],"version-history":[{"count":0,"href":"https:\/\/footballforumhungary.hu\/en\/wp-json\/wp\/v2\/pages\/4704\/revisions"}],"wp:attachment":[{"href":"https:\/\/footballforumhungary.hu\/en\/wp-json\/wp\/v2\/media?parent=4704"}],"curies":[{"name":"wp","href":"https:\/\/api.w.org\/{rel}","templated":true}]}}