{"id":378,"date":"2025-07-10T16:21:33","date_gmt":"2025-07-10T14:21:33","guid":{"rendered":"https:\/\/sf.cloudsystems.hu\/?page_id=378"},"modified":"2026-03-04T10:08:29","modified_gmt":"2026-03-04T09:08:29","slug":"impresszum","status":"publish","type":"page","link":"https:\/\/footballforumhungary.hu\/en\/impresszum\/","title":{"rendered":"Impressum"},"content":{"rendered":"<div data-elementor-type=\"wp-page\" data-elementor-id=\"378\" class=\"elementor elementor-378\" data-elementor-post-type=\"page\">\n\t\t\t\t<div class=\"elementor-element elementor-element-7cfd8bd3 e-flex e-con-boxed e-con e-parent\" data-id=\"7cfd8bd3\" data-element_type=\"container\" data-e-type=\"container\">\n\t\t\t\t\t<div class=\"e-con-inner\">\n\t\t\t\t<div class=\"elementor-element elementor-element-1513449e elementor-widget elementor-widget-text-editor\" data-id=\"1513449e\" data-element_type=\"widget\" data-e-type=\"widget\" data-widget_type=\"text-editor.default\">\n\t\t\t\t\t\t\t\t\t\n<p><strong>Sport\u00a0Forum Hungary 2025 sportkonferencia<\/strong><\/p>\n\n<p><em><strong>Szervez\u0151k:\u00a0the path sports management \u00fcgyn\u00f6ks\u00e9g \u00e9s\u00a0Sport&amp;Move<\/strong><\/em><\/p>\n\n<p><strong>Contact us:\u00a0<\/strong><\/p>\n\n<p><a href=\"mailto:events@thepathsm.com\">events@thepathsm.com<\/a><\/p>\n\n<p><a href=\"https:\/\/footballforumhungary.hu\/en\/\" target=\"_blank\" rel=\"noreferrer noopener\">www.footballforumhungary.hu<\/a><\/p>\n\n<p><em>A Sport Forum Hungary 2025\u00a0r\u00e9szv\u00e9teli jegyek k\u00f6zvet\u00edtett catering szolg\u00e1ltat\u00e1st tartalmaznak.<\/em><\/p>\n\n<p><strong>HPB Sportmanagement Kft.<\/strong><\/p>\n\n<p>Sz\u00e9khely: 1013 Budapest, L\u00e1nch\u00edd utca 15-17.<\/p>\n\n<p>Ad\u00f3sz\u00e1m: 25539448-2-41<\/p>\n\n<p>C\u00e9gjegyz\u00e9ksz\u00e1m: 01-09-281053<\/p>\n\t\t\t\t\t\t\t\t<\/div>\n\t\t\t\t\t<\/div>\n\t\t\t\t<\/div>\n\t\t\t\t<\/div>","protected":false},"excerpt":{"rendered":"<p>Sport\u00a0Forum Hungary 2025 sportkonferencia Szervez\u0151k:\u00a0the path sports management \u00fcgyn\u00f6ks\u00e9g \u00e9s\u00a0Sport&amp;Move El\u00e9rhet\u0151s\u00e9g:\u00a0 events@thepathsm.com www.footballforumhungary.hu A Sport Forum Hungary 2025\u00a0r\u00e9szv\u00e9teli jegyek k\u00f6zvet\u00edtett catering szolg\u00e1ltat\u00e1st tartalmaznak. HPB Sportmanagement Kft. Sz\u00e9khely: 1013 Budapest, L\u00e1nch\u00edd utca 15-17. Ad\u00f3sz\u00e1m: 25539448-2-41 C\u00e9gjegyz\u00e9ksz\u00e1m: 01-09-281053<\/p>","protected":false},"author":1,"featured_media":0,"parent":0,"menu_order":0,"comment_status":"closed","ping_status":"closed","template":"","meta":{"_acf_changed":false,"footnotes":""},"class_list":["post-378","page","type-page","status-publish","hentry"],"acf":[],"yoast_head":"<!-- This site is optimized with the Yoast SEO plugin v25.6 - https:\/\/yoast.com\/wordpress\/plugins\/seo\/ -->\n<title>Impresszum - Football Forum Hungary 2026<\/title>\n<meta name=\"robots\" content=\"index, follow, max-snippet:-1, max-image-preview:large, max-video-preview:-1\" \/>\n<link rel=\"canonical\" href=\"https:\/\/footballforumhungary.hu\/en\/impresszum\/\" \/>\n<meta property=\"og:locale\" content=\"en_GB\" \/>\n<meta property=\"og:type\" content=\"article\" \/>\n<meta property=\"og:title\" content=\"Impresszum - Football Forum Hungary 2026\" \/>\n<meta property=\"og:description\" content=\"Sport\u00a0Forum Hungary 2025 sportkonferencia Szervez\u0151k:\u00a0the path sports management \u00fcgyn\u00f6ks\u00e9g \u00e9s\u00a0Sport&amp;Move El\u00e9rhet\u0151s\u00e9g:\u00a0 events@thepathsm.com www.footballforumhungary.hu A Sport Forum Hungary 2025\u00a0r\u00e9szv\u00e9teli jegyek k\u00f6zvet\u00edtett catering szolg\u00e1ltat\u00e1st tartalmaznak. HPB Sportmanagement Kft. Sz\u00e9khely: 1013 Budapest, L\u00e1nch\u00edd utca 15-17. Ad\u00f3sz\u00e1m: 25539448-2-41 C\u00e9gjegyz\u00e9ksz\u00e1m: 01-09-281053\" \/>\n<meta property=\"og:url\" content=\"https:\/\/footballforumhungary.hu\/en\/impresszum\/\" \/>\n<meta property=\"og:site_name\" content=\"Football Forum Hungary 2026\" \/>\n<meta property=\"article:modified_time\" content=\"2026-03-04T09:08:29+00:00\" \/>\n<meta name=\"twitter:card\" content=\"summary_large_image\" \/>\n<meta name=\"twitter:label1\" content=\"Estimated reading time\" \/>\n\t<meta name=\"twitter:data1\" content=\"1 minute\" \/>\n<script type=\"application\/ld+json\" class=\"yoast-schema-graph\">{\"@context\":\"https:\/\/schema.org\",\"@graph\":[{\"@type\":\"WebPage\",\"@id\":\"https:\/\/footballforumhungary.hu\/impresszum\/\",\"url\":\"https:\/\/footballforumhungary.hu\/impresszum\/\",\"name\":\"Impresszum - Football Forum Hungary 2026\",\"isPartOf\":{\"@id\":\"https:\/\/footballforumhungary.hu\/#website\"},\"datePublished\":\"2025-07-10T14:21:33+00:00\",\"dateModified\":\"2026-03-04T09:08:29+00:00\",\"breadcrumb\":{\"@id\":\"https:\/\/footballforumhungary.hu\/impresszum\/#breadcrumb\"},\"inLanguage\":\"en-GB\",\"potentialAction\":[{\"@type\":\"ReadAction\",\"target\":[\"https:\/\/footballforumhungary.hu\/impresszum\/\"]}]},{\"@type\":\"BreadcrumbList\",\"@id\":\"https:\/\/footballforumhungary.hu\/impresszum\/#breadcrumb\",\"itemListElement\":[{\"@type\":\"ListItem\",\"position\":1,\"name\":\"Kezd\u0151lap\",\"item\":\"https:\/\/footballforumhungary.hu\/\"},{\"@type\":\"ListItem\",\"position\":2,\"name\":\"Impresszum\"}]},{\"@type\":\"WebSite\",\"@id\":\"https:\/\/footballforumhungary.hu\/#website\",\"url\":\"https:\/\/footballforumhungary.hu\/\",\"name\":\"Football Forum Hungary 2026\",\"description\":\"\",\"publisher\":{\"@id\":\"https:\/\/footballforumhungary.hu\/#organization\"},\"potentialAction\":[{\"@type\":\"SearchAction\",\"target\":{\"@type\":\"EntryPoint\",\"urlTemplate\":\"https:\/\/footballforumhungary.hu\/?s={search_term_string}\"},\"query-input\":{\"@type\":\"PropertyValueSpecification\",\"valueRequired\":true,\"valueName\":\"search_term_string\"}}],\"inLanguage\":\"en-GB\"},{\"@type\":\"Organization\",\"@id\":\"https:\/\/footballforumhungary.hu\/#organization\",\"name\":\"Football Forum Hungary 2026\",\"url\":\"https:\/\/footballforumhungary.hu\/\",\"logo\":{\"@type\":\"ImageObject\",\"inLanguage\":\"en-GB\",\"@id\":\"https:\/\/footballforumhungary.hu\/#\/schema\/logo\/image\/\",\"url\":\"https:\/\/footballforumhungary.hu\/wp-content\/uploads\/2025\/07\/FFH-TPSM-EMW-3.png\",\"contentUrl\":\"https:\/\/footballforumhungary.hu\/wp-content\/uploads\/2025\/07\/FFH-TPSM-EMW-3.png\",\"width\":1094,\"height\":313,\"caption\":\"Football Forum Hungary 2026\"},\"image\":{\"@id\":\"https:\/\/footballforumhungary.hu\/#\/schema\/logo\/image\/\"}}]}<\/script>\n<!-- \/ Yoast SEO plugin. -->","yoast_head_json":{"title":"Impresszum - Football Forum Hungary 2026","robots":{"index":"index","follow":"follow","max-snippet":"max-snippet:-1","max-image-preview":"max-image-preview:large","max-video-preview":"max-video-preview:-1"},"canonical":"https:\/\/footballforumhungary.hu\/en\/impresszum\/","og_locale":"en_GB","og_type":"article","og_title":"Impresszum - Football Forum Hungary 2026","og_description":"Sport\u00a0Forum Hungary 2025 sportkonferencia Szervez\u0151k:\u00a0the path sports management \u00fcgyn\u00f6ks\u00e9g \u00e9s\u00a0Sport&amp;Move El\u00e9rhet\u0151s\u00e9g:\u00a0 events@thepathsm.com www.footballforumhungary.hu A Sport Forum Hungary 2025\u00a0r\u00e9szv\u00e9teli jegyek k\u00f6zvet\u00edtett catering szolg\u00e1ltat\u00e1st tartalmaznak. HPB Sportmanagement Kft. Sz\u00e9khely: 1013 Budapest, L\u00e1nch\u00edd utca 15-17. Ad\u00f3sz\u00e1m: 25539448-2-41 C\u00e9gjegyz\u00e9ksz\u00e1m: 01-09-281053","og_url":"https:\/\/footballforumhungary.hu\/en\/impresszum\/","og_site_name":"Football Forum Hungary 2026","article_modified_time":"2026-03-04T09:08:29+00:00","twitter_card":"summary_large_image","twitter_misc":{"Estimated reading time":"1 minute"},"schema":{"@context":"https:\/\/schema.org","@graph":[{"@type":"WebPage","@id":"https:\/\/footballforumhungary.hu\/impresszum\/","url":"https:\/\/footballforumhungary.hu\/impresszum\/","name":"Impresszum - Football Forum Hungary 2026","isPartOf":{"@id":"https:\/\/footballforumhungary.hu\/#website"},"datePublished":"2025-07-10T14:21:33+00:00","dateModified":"2026-03-04T09:08:29+00:00","breadcrumb":{"@id":"https:\/\/footballforumhungary.hu\/impresszum\/#breadcrumb"},"inLanguage":"en-GB","potentialAction":[{"@type":"ReadAction","target":["https:\/\/footballforumhungary.hu\/impresszum\/"]}]},{"@type":"BreadcrumbList","@id":"https:\/\/footballforumhungary.hu\/impresszum\/#breadcrumb","itemListElement":[{"@type":"ListItem","position":1,"name":"Kezd\u0151lap","item":"https:\/\/footballforumhungary.hu\/"},{"@type":"ListItem","position":2,"name":"Impresszum"}]},{"@type":"WebSite","@id":"https:\/\/footballforumhungary.hu\/#website","url":"https:\/\/footballforumhungary.hu\/","name":"Football Forum Hungary 2026","description":"","publisher":{"@id":"https:\/\/footballforumhungary.hu\/#organization"},"potentialAction":[{"@type":"SearchAction","target":{"@type":"EntryPoint","urlTemplate":"https:\/\/footballforumhungary.hu\/?s={search_term_string}"},"query-input":{"@type":"PropertyValueSpecification","valueRequired":true,"valueName":"search_term_string"}}],"inLanguage":"en-GB"},{"@type":"Organization","@id":"https:\/\/footballforumhungary.hu\/#organization","name":"Football Forum Hungary 2026","url":"https:\/\/footballforumhungary.hu\/","logo":{"@type":"ImageObject","inLanguage":"en-GB","@id":"https:\/\/footballforumhungary.hu\/#\/schema\/logo\/image\/","url":"https:\/\/footballforumhungary.hu\/wp-content\/uploads\/2025\/07\/FFH-TPSM-EMW-3.png","contentUrl":"https:\/\/footballforumhungary.hu\/wp-content\/uploads\/2025\/07\/FFH-TPSM-EMW-3.png","width":1094,"height":313,"caption":"Football Forum Hungary 2026"},"image":{"@id":"https:\/\/footballforumhungary.hu\/#\/schema\/logo\/image\/"}}]}},"_links":{"self":[{"href":"https:\/\/footballforumhungary.hu\/en\/wp-json\/wp\/v2\/pages\/378","targetHints":{"allow":["GET"]}}],"collection":[{"href":"https:\/\/footballforumhungary.hu\/en\/wp-json\/wp\/v2\/pages"}],"about":[{"href":"https:\/\/footballforumhungary.hu\/en\/wp-json\/wp\/v2\/types\/page"}],"author":[{"embeddable":true,"href":"https:\/\/footballforumhungary.hu\/en\/wp-json\/wp\/v2\/users\/1"}],"replies":[{"embeddable":true,"href":"https:\/\/footballforumhungary.hu\/en\/wp-json\/wp\/v2\/comments?post=378"}],"version-history":[{"count":0,"href":"https:\/\/footballforumhungary.hu\/en\/wp-json\/wp\/v2\/pages\/378\/revisions"}],"wp:attachment":[{"href":"https:\/\/footballforumhungary.hu\/en\/wp-json\/wp\/v2\/media?parent=378"}],"curies":[{"name":"wp","href":"https:\/\/api.w.org\/{rel}","templated":true}]}}